{"id":476,"date":"2025-10-13T18:13:39","date_gmt":"2025-10-13T18:13:39","guid":{"rendered":"https:\/\/accordioneurocoupe.com\/?page_id=476"},"modified":"2025-10-13T18:13:40","modified_gmt":"2025-10-13T18:13:40","slug":"junior-virtuoso-euro-coupe-2","status":"publish","type":"page","link":"https:\/\/accordioneurocoupe.com\/?page_id=476","title":{"rendered":"Junior Virtuoso Euro Coupe"},"content":{"rendered":"\n<p class=\"has-large-font-size\"><strong>2025<\/strong><\/p>\n\n\n\n<div class=\"wp-block-media-text is-stacked-on-mobile\" style=\"grid-template-columns:49% auto\"><figure class=\"wp-block-media-text__media\"><img loading=\"lazy\" decoding=\"async\" width=\"1024\" height=\"783\" src=\"http:\/\/accordioneurocoupe.com\/wp-content\/uploads\/2025\/10\/WhatsApp-slika-2025-10-13-u-20.13.22_74a0bcbd-1024x783.jpg\" alt=\"\" class=\"wp-image-477 size-full\" srcset=\"https:\/\/accordioneurocoupe.com\/wp-content\/uploads\/2025\/10\/WhatsApp-slika-2025-10-13-u-20.13.22_74a0bcbd-1024x783.jpg 1024w, https:\/\/accordioneurocoupe.com\/wp-content\/uploads\/2025\/10\/WhatsApp-slika-2025-10-13-u-20.13.22_74a0bcbd-300x229.jpg 300w, https:\/\/accordioneurocoupe.com\/wp-content\/uploads\/2025\/10\/WhatsApp-slika-2025-10-13-u-20.13.22_74a0bcbd-768x587.jpg 768w, https:\/\/accordioneurocoupe.com\/wp-content\/uploads\/2025\/10\/WhatsApp-slika-2025-10-13-u-20.13.22_74a0bcbd.jpg 1351w\" sizes=\"auto, (max-width: 1024px) 100vw, 1024px\" \/><\/figure><div class=\"wp-block-media-text__content\">\n<p class=\"has-medium-font-size\">1st &#8211; <strong>\u0110or\u0111e Peri\u0107<\/strong> \/ Bosnia &amp; Herzegovina<\/p>\n\n\n\n<p class=\"has-medium-font-size\">2nd &#8211; <strong>Pavol \u0160ujan<\/strong> \/ Slovakia<\/p>\n\n\n\n<p class=\"has-medium-font-size\">3rd &#8211; <strong>Patarcsits B\u00e1lint<\/strong> \/ Hungary<\/p>\n<\/div><\/div>\n\n\n\n<div style=\"height:100px\" aria-hidden=\"true\" class=\"wp-block-spacer\"><\/div>\n","protected":false},"excerpt":{"rendered":"<p>2025 1st &#8211; \u0110or\u0111e Peri\u0107 \/ Bosnia &amp; Herzegovina 2nd &#8211; Pavol \u0160ujan \/ Slovakia 3rd &#8211; Patarcsits B\u00e1lint \/ Hungary<\/p>\n","protected":false},"author":1,"featured_media":0,"parent":0,"menu_order":0,"comment_status":"closed","ping_status":"closed","template":"","meta":{"_monsterinsights_skip_tracking":false,"_monsterinsights_sitenote_active":false,"_monsterinsights_sitenote_note":"","_monsterinsights_sitenote_category":0,"footnotes":""},"class_list":["post-476","page","type-page","status-publish","hentry"],"aioseo_notices":[],"jetpack_sharing_enabled":true,"_links":{"self":[{"href":"https:\/\/accordioneurocoupe.com\/index.php?rest_route=\/wp\/v2\/pages\/476","targetHints":{"allow":["GET"]}}],"collection":[{"href":"https:\/\/accordioneurocoupe.com\/index.php?rest_route=\/wp\/v2\/pages"}],"about":[{"href":"https:\/\/accordioneurocoupe.com\/index.php?rest_route=\/wp\/v2\/types\/page"}],"author":[{"embeddable":true,"href":"https:\/\/accordioneurocoupe.com\/index.php?rest_route=\/wp\/v2\/users\/1"}],"replies":[{"embeddable":true,"href":"https:\/\/accordioneurocoupe.com\/index.php?rest_route=%2Fwp%2Fv2%2Fcomments&post=476"}],"version-history":[{"count":1,"href":"https:\/\/accordioneurocoupe.com\/index.php?rest_route=\/wp\/v2\/pages\/476\/revisions"}],"predecessor-version":[{"id":478,"href":"https:\/\/accordioneurocoupe.com\/index.php?rest_route=\/wp\/v2\/pages\/476\/revisions\/478"}],"wp:attachment":[{"href":"https:\/\/accordioneurocoupe.com\/index.php?rest_route=%2Fwp%2Fv2%2Fmedia&parent=476"}],"curies":[{"name":"wp","href":"https:\/\/api.w.org\/{rel}","templated":true}]}}