{"id":467,"date":"2025-10-13T14:03:25","date_gmt":"2025-10-13T14:03:25","guid":{"rendered":"https:\/\/accordioneurocoupe.com\/?page_id=467"},"modified":"2025-10-13T18:04:50","modified_gmt":"2025-10-13T18:04:50","slug":"junior-euro-coupe-2","status":"publish","type":"page","link":"https:\/\/accordioneurocoupe.com\/?page_id=467","title":{"rendered":"Junior Euro Coupe"},"content":{"rendered":"\n<p class=\"has-large-font-size\"><strong>2025<\/strong><\/p>\n\n\n\n<div class=\"wp-block-media-text is-stacked-on-mobile\"><figure class=\"wp-block-media-text__media\"><img loading=\"lazy\" decoding=\"async\" width=\"1024\" height=\"768\" src=\"http:\/\/accordioneurocoupe.com\/wp-content\/uploads\/2025\/10\/WhatsApp-slika-2025-10-13-u-20.03.29_b1f3a5aa-1024x768.jpg\" alt=\"\" class=\"wp-image-471 size-full\" srcset=\"https:\/\/accordioneurocoupe.com\/wp-content\/uploads\/2025\/10\/WhatsApp-slika-2025-10-13-u-20.03.29_b1f3a5aa-1024x768.jpg 1024w, https:\/\/accordioneurocoupe.com\/wp-content\/uploads\/2025\/10\/WhatsApp-slika-2025-10-13-u-20.03.29_b1f3a5aa-300x225.jpg 300w, https:\/\/accordioneurocoupe.com\/wp-content\/uploads\/2025\/10\/WhatsApp-slika-2025-10-13-u-20.03.29_b1f3a5aa-768x576.jpg 768w, https:\/\/accordioneurocoupe.com\/wp-content\/uploads\/2025\/10\/WhatsApp-slika-2025-10-13-u-20.03.29_b1f3a5aa-1536x1152.jpg 1536w, https:\/\/accordioneurocoupe.com\/wp-content\/uploads\/2025\/10\/WhatsApp-slika-2025-10-13-u-20.03.29_b1f3a5aa.jpg 1600w\" sizes=\"auto, (max-width: 1024px) 100vw, 1024px\" \/><\/figure><div class=\"wp-block-media-text__content\">\n<p class=\"has-medium-font-size\">1st &#8211; <strong>\u0110or\u0111e Kristivojevi\u0107<\/strong> \/ Serbia<\/p>\n\n\n\n<p class=\"has-medium-font-size\">2nd &#8211; <strong>Vasilii Dobrin<\/strong> \/ Russia<\/p>\n\n\n\n<p class=\"has-medium-font-size\">3rd &#8211; <strong>Filip Trajkovski <\/strong>\/ North Macedonia<\/p>\n<\/div><\/div>\n\n\n\n<div style=\"height:100px\" aria-hidden=\"true\" class=\"wp-block-spacer\"><\/div>\n\n\n\n<p class=\"has-large-font-size\"><\/p>\n\n\n\n<p class=\"has-large-font-size\"><\/p>\n","protected":false},"excerpt":{"rendered":"<p>2025 1st &#8211; \u0110or\u0111e Kristivojevi\u0107 \/ Serbia 2nd &#8211; Vasilii Dobrin \/ Russia 3rd &#8211; Filip Trajkovski \/ North Macedonia<\/p>\n","protected":false},"author":1,"featured_media":0,"parent":0,"menu_order":0,"comment_status":"closed","ping_status":"closed","template":"","meta":{"_monsterinsights_skip_tracking":false,"_monsterinsights_sitenote_active":false,"_monsterinsights_sitenote_note":"","_monsterinsights_sitenote_category":0,"footnotes":""},"class_list":["post-467","page","type-page","status-publish","hentry"],"aioseo_notices":[],"jetpack_sharing_enabled":true,"_links":{"self":[{"href":"https:\/\/accordioneurocoupe.com\/index.php?rest_route=\/wp\/v2\/pages\/467","targetHints":{"allow":["GET"]}}],"collection":[{"href":"https:\/\/accordioneurocoupe.com\/index.php?rest_route=\/wp\/v2\/pages"}],"about":[{"href":"https:\/\/accordioneurocoupe.com\/index.php?rest_route=\/wp\/v2\/types\/page"}],"author":[{"embeddable":true,"href":"https:\/\/accordioneurocoupe.com\/index.php?rest_route=\/wp\/v2\/users\/1"}],"replies":[{"embeddable":true,"href":"https:\/\/accordioneurocoupe.com\/index.php?rest_route=%2Fwp%2Fv2%2Fcomments&post=467"}],"version-history":[{"count":2,"href":"https:\/\/accordioneurocoupe.com\/index.php?rest_route=\/wp\/v2\/pages\/467\/revisions"}],"predecessor-version":[{"id":472,"href":"https:\/\/accordioneurocoupe.com\/index.php?rest_route=\/wp\/v2\/pages\/467\/revisions\/472"}],"wp:attachment":[{"href":"https:\/\/accordioneurocoupe.com\/index.php?rest_route=%2Fwp%2Fv2%2Fmedia&parent=467"}],"curies":[{"name":"wp","href":"https:\/\/api.w.org\/{rel}","templated":true}]}}